{"id":55,"date":"2017-05-23T02:14:16","date_gmt":"2017-05-23T02:14:16","guid":{"rendered":"http:\/\/owsas.com\/demo-home\/"},"modified":"2023-09-18T14:20:24","modified_gmt":"2023-09-18T19:20:24","slug":"demo-home","status":"publish","type":"page","link":"https:\/\/owsas.com\/en\/","title":{"rendered":"Inicio"},"content":{"rendered":"<div id=\"cs-content\" class=\"cs-content\"><div class=\"x-section e55-1 m1j-0 m1j-1 home-header\"><div class=\"x-bg\" aria-hidden=\"true\"><div class=\"x-bg-layer-lower-image\" style=\" background-image: url(https:\/\/owsas.com\/wp-content\/uploads\/2020\/03\/Header.png); background-repeat: no-repeat; background-position: center; background-size: contain;\"><\/div><\/div><div class=\"x-row x-container max width e55-2 m1j-3 m1j-4\"><div class=\"x-row-inner\"><div class=\"x-col e55-3 m1j-6 m1j-7\"><h2  class=\"x-text-type cs-ta-center h2\" style=\"color:white;\" data-x-element=\"text_type\" data-x-params=\"{&quot;strings&quot;:&quot;&quot;,&quot;type_speed&quot;:50,&quot;start_delay&quot;:0,&quot;back_speed&quot;:50,&quot;back_delay&quot;:3000,&quot;loop&quot;:false,&quot;show_cursor&quot;:true,&quot;cursor&quot;:&quot;|&quot;}\"><span class=\"prefix\">Otherwise <\/span><span class=\"text\"><\/span><\/h2><div class=\"x-text e55-5 m1j-9\"><p>Creamos e implementamos <br \/>\nsoluciones que mejoran tu vida<\/p><\/div><\/div><\/div><\/div><\/div><div class=\"x-section e55-6 m1j-0 m1j-2\"><div class=\"x-row x-container max width e55-7 m1j-3 m1j-5\"><div class=\"x-row-inner\"><div class=\"x-col e55-8 m1j-7 m1j-8\"><div class=\"x-text x-text-headline e55-9 m1j-a\"><div class=\"x-text-content\"><div class=\"x-text-content-text\"><h1 class=\"x-text-content-text-primary\">Creamos software para tu empresa<\/h1><\/div><\/div><\/div><div id=\"\" class=\"x-text cs-ta-left\" style=\"\" ><p>Creamos solucines de software para tu empresa. Cont\u00e1ctanos para saber m\u00e1s c\u00f3mo podemos asesorarte en implementar una soluci\u00f3n exitosa en tu empresa.<\/p>\n<p>Tenemos experiencia en:<br \/>\n* Puesta en marcha de software como NextCloud, para hacer tu propia nube empresarial.<br \/>\n* Configuraci\u00f3n para utilizar los servicios de Google Apps, como tu correo empresarial y otras aplicaciones de Google para empresas.<br \/>\n* Hosting de sitios web Wordpress<\/p>\n<\/div><\/div><div class=\"x-col e55-11 m1j-7 m1j-8\"><span class=\"x-image e55-12 m1j-b\"><img src=\"https:\/\/owsas.com\/wp-content\/uploads\/2023\/09\/kandinsky-download-1695064607625.png\" width=\"512\" height=\"340\" alt=\"Image\" loading=\"lazy\"><\/span><\/div><\/div><\/div><\/div><\/div>\n","protected":false},"excerpt":{"rendered":"<p>Otherwise Creamos e implementamos soluciones que mejoran tu vidaCreamos software para tu empresaCreamos solucines de software para tu empresa. Cont\u00e1ctanos &#8230; <a href=\"https:\/\/owsas.com\/en\/\" class=\"more-link\">Read More<\/a><\/p>\n","protected":false},"author":1,"featured_media":0,"parent":0,"menu_order":0,"comment_status":"closed","ping_status":"closed","template":"template-blank-4.php","meta":[],"_links":{"self":[{"href":"https:\/\/owsas.com\/en\/wp-json\/wp\/v2\/pages\/55"}],"collection":[{"href":"https:\/\/owsas.com\/en\/wp-json\/wp\/v2\/pages"}],"about":[{"href":"https:\/\/owsas.com\/en\/wp-json\/wp\/v2\/types\/page"}],"author":[{"embeddable":true,"href":"https:\/\/owsas.com\/en\/wp-json\/wp\/v2\/users\/1"}],"replies":[{"embeddable":true,"href":"https:\/\/owsas.com\/en\/wp-json\/wp\/v2\/comments?post=55"}],"version-history":[{"count":28,"href":"https:\/\/owsas.com\/en\/wp-json\/wp\/v2\/pages\/55\/revisions"}],"predecessor-version":[{"id":348,"href":"https:\/\/owsas.com\/en\/wp-json\/wp\/v2\/pages\/55\/revisions\/348"}],"wp:attachment":[{"href":"https:\/\/owsas.com\/en\/wp-json\/wp\/v2\/media?parent=55"}],"curies":[{"name":"wp","href":"https:\/\/api.w.org\/{rel}","templated":true}]}}